{"id":14607,"date":"2018-08-03T06:04:16","date_gmt":"2018-08-03T03:04:16","guid":{"rendered":"https:\/\/orangered-fish-492157.hostingersite.com\/iletisim\/"},"modified":"2023-01-23T18:37:41","modified_gmt":"2023-01-23T15:37:41","slug":"%d9%85%d8%b9%d9%84%d9%88%d9%85%d8%a7%d8%aa-%d8%a7%d9%84%d8%a7%d8%aa%d8%b5%d8%a7%d9%84","status":"publish","type":"page","link":"https:\/\/cemmaks.com\/ar\/%d9%85%d8%b9%d9%84%d9%88%d9%85%d8%a7%d8%aa-%d8%a7%d9%84%d8%a7%d8%aa%d8%b5%d8%a7%d9%84\/","title":{"rendered":"\u0645\u0639\u0644\u0648\u0645\u0627\u062a \u0627\u0644\u0627\u062a\u0635\u0627\u0644"},"content":{"rendered":"<div class=\"wpb-content-wrapper\"><p>[vc_row][vc_column width=&#8221;1\/3&#8243;]<div class=\"themestek-ihbox themestek-ihbox-style-2 themestek-ihbox-itype-icon \">\r\n\t<div class=\"themestek-sbox-bgimage-layer themestek-bgimage-layer\"><\/div>\r\n\t<div class=\"themestek-ihbox-wrapper-bg-layer themestek-bg-layer\"><\/div>\r\n\t<div class=\"themestek-ihbox-inner\">\r\n\t\t<div class=\"themestek-ihbox-icon\">\r\n\t\t\t<div class=\"themestek-ihbox-icon-wrapper\"><i class=\"themestek-liviza-business-icon themestek-liviza-business-icon-placeholder\"><\/i><\/div>\t\t<\/div>\r\n\t\t<div class=\"themestek-ihbox-contents\">\r\n\t\t\t<div class=\"themestek-vc_general themestek-vc_cta3 themestek-cta3-only themestek-vc_cta3-style-classic themestek-vc_cta3-shape-rounded themestek-vc_cta3-align-left themestek-vc_cta3-color-transparent themestek-vc_cta3-icon-size-md themestek-vc_cta3-actions-no themestek-cta3-without-desc\"><div class=\"themestek-vc_cta3_content-container\"><div class=\"themestek-vc_cta3-content\"><div class=\"themestek-vc_cta3-content-header themestek-wrap\"><div class=\"themestek-vc_cta3-headers themestek-wrap-cell\"><h2 class=\"themestek-custom-heading \">\u062a\u0628\u0648\u0643<\/h2>\n<\/div><\/div><\/div><\/div><\/div>\t\t\t<div class=\"themestek-cta3-content-wrapper\">\u0130kitelli OSB. Dersankoop Sanayi Sitesi<br \/>\nS1B Blok No:115 Ba\u015fak\u015fehir &#8211; \u0130stanbul<\/div>\t\t\t\t\t<\/div><!-- .themestek-ihbox-contents -->\r\n\t<\/div>\r\n<\/div>\r\n[\/vc_column][vc_column width=&#8221;1\/3&#8243;]<div class=\"themestek-ihbox themestek-ihbox-style-2 themestek-ihbox-itype-icon vc_custom_1674446762867 \">\r\n\t<div class=\"themestek-sbox-bgimage-layer themestek-bgimage-layer\"><\/div>\r\n\t<div class=\"themestek-ihbox-wrapper-bg-layer themestek-bg-layer\"><\/div>\r\n\t<div class=\"themestek-ihbox-inner\">\r\n\t\t<div class=\"themestek-ihbox-icon\">\r\n\t\t\t<div class=\"themestek-ihbox-icon-wrapper\"><i class=\"themestek-liviza-business-icon themestek-liviza-business-icon-call\"><\/i><\/div>\t\t<\/div>\r\n\t\t<div class=\"themestek-ihbox-contents\">\r\n\t\t\t<div class=\"themestek-vc_general themestek-vc_cta3 themestek-cta3-only themestek-vc_cta3-style-classic themestek-vc_cta3-shape-rounded themestek-vc_cta3-align-left themestek-vc_cta3-color-transparent themestek-vc_cta3-icon-size-md themestek-vc_cta3-actions-no themestek-cta3-without-desc\"><div class=\"themestek-vc_cta3_content-container\"><div class=\"themestek-vc_cta3-content\"><div class=\"themestek-vc_cta3-content-header themestek-wrap\"><div class=\"themestek-vc_cta3-headers themestek-wrap-cell\"><h2 class=\"themestek-custom-heading \">\u0647\u0627\u062a\u0641<\/h2>\n<\/div><\/div><\/div><\/div><\/div>\t\t\t<div class=\"themestek-cta3-content-wrapper\">+90 533 706 14 28<\/div>\t\t\t\t\t<\/div><!-- .themestek-ihbox-contents -->\r\n\t<\/div>\r\n<\/div>\r\n[\/vc_column][vc_column width=&#8221;1\/3&#8243;]<div class=\"themestek-ihbox themestek-ihbox-style-2 themestek-ihbox-itype-icon vc_custom_1674446789233 \">\r\n\t<div class=\"themestek-sbox-bgimage-layer themestek-bgimage-layer\"><\/div>\r\n\t<div class=\"themestek-ihbox-wrapper-bg-layer themestek-bg-layer\"><\/div>\r\n\t<div class=\"themestek-ihbox-inner\">\r\n\t\t<div class=\"themestek-ihbox-icon\">\r\n\t\t\t<div class=\"themestek-ihbox-icon-wrapper\"><i class=\"themestek-liviza-business-icon themestek-liviza-business-icon-envelope\"><\/i><\/div>\t\t<\/div>\r\n\t\t<div class=\"themestek-ihbox-contents\">\r\n\t\t\t<div class=\"themestek-vc_general themestek-vc_cta3 themestek-cta3-only themestek-vc_cta3-style-classic themestek-vc_cta3-shape-rounded themestek-vc_cta3-align-left themestek-vc_cta3-color-transparent themestek-vc_cta3-icon-size-md themestek-vc_cta3-actions-no themestek-cta3-without-desc\"><div class=\"themestek-vc_cta3_content-container\"><div class=\"themestek-vc_cta3-content\"><div class=\"themestek-vc_cta3-content-header themestek-wrap\"><div class=\"themestek-vc_cta3-headers themestek-wrap-cell\"><h2 class=\"themestek-custom-heading \">\u0628\u0631\u064a\u062f<\/h2>\n<\/div><\/div><\/div><\/div><\/div>\t\t\t<div class=\"themestek-cta3-content-wrapper\">info@orangered-fish-492157.hostingersite.com<\/div>\t\t\t\t\t<\/div><!-- .themestek-ihbox-contents -->\r\n\t<\/div>\r\n<\/div>\r\n[\/vc_column][\/vc_row][vc_row css=&#8221;.vc_custom_1576473295771{padding-top: 0px !important;padding-bottom: 90px !important;}&#8221;][vc_column][vc_row_inner equal_height=&#8221;yes&#8221; gap=&#8221;0px&#8221; css=&#8221;.vc_custom_1576472909816{margin-right: 0px !important;margin-left: 0px !important;padding-top: 0px !important;padding-bottom: 0px !important;}&#8221; el_class=&#8221;ts-border-radius-2 ts-image-shadow-2&#8243;][vc_column_inner width=&#8221;1\/2&#8243; css=&#8221;.vc_custom_1576471537997{padding-left: 0px !important;}&#8221;][vc_raw_html css=&#8221;.vc_custom_1672199474028{margin-bottom: 0px !important;}&#8221;]JTNDZGl2JTIwc3R5bGUlM0QlMjJoZWlnaHQlM0E1OTBweCUzQiUyMiUzRSUwQSUzQ2lmcmFtZSUyMHNyYyUzRCUyMmh0dHBzJTNBJTJGJTJGd3d3Lmdvb2dsZS5jb20lMkZtYXBzJTJGZW1iZWQlM0ZwYiUzRCUyMTFtMTglMjExbTEyJTIxMW0zJTIxMWQzMDA3LjMyMTY4MDM1NDI2MTQlMjEyZDI4Ljc4NzYyNTcxNTY4NjY5OCUyMTNkNDEuMDgzODE3Njc5MjkzMTc2JTIxMm0zJTIxMWYwJTIxMmYwJTIxM2YwJTIxM20yJTIxMWkxMDI0JTIxMmk3NjglMjE0ZjEzLjElMjEzbTMlMjExbTIlMjExczB4MTRjYWFmZjllZmU2ZmU1MyUyNTNBMHg3OTVjOTY1NzdkY2ZjMGIzJTIxMnNDRU1NQUtTJTI1MjBNT0IlMjVDNCUyNUIwWUxZQSUyNTIwQUtTRVNVQVIlMjUyMCUyOFBsYXN0aWslMjUyME1vYmlseWElMjUyMEF5YWtsYXIlMjVDNCUyNUIxJTI5JTIxNWUwJTIxM20yJTIxMXN0ciUyMTJzdHIlMjE0djE2NzIxOTk0MTM4NjAlMjE1bTIlMjExc3RyJTIxMnN0ciUyMiUyMHdpZHRoJTNEJTIyNjAwJTIyJTIwaGVpZ2h0JTNEJTIyNjUwJTIyJTIwc3R5bGUlM0QlMjJib3JkZXIlM0EwJTNCJTIyJTIwYWxsb3dmdWxsc2NyZWVuJTNEJTIyJTIyJTIwbG9hZGluZyUzRCUyMmxhenklMjIlMjByZWZlcnJlcnBvbGljeSUzRCUyMm5vLXJlZmVycmVyLXdoZW4tZG93bmdyYWRlJTIyJTNFJTNDJTJGaWZyYW1lJTNFJTNDJTJGZGl2JTNF[\/vc_raw_html][\/vc_column_inner][vc_column_inner width=&#8221;1\/2&#8243; css=&#8221;.vc_custom_1576473344088{padding-top: 50px !important;padding-right: 40px !important;padding-bottom: 0px !important;padding-left: 20px !important;}&#8221;]<div class=\"themestek-element-heading-wrapper themestek-heading-inner themestek-element-align-left themestek-seperator-none \"><section class=\"themestek-vc_cta3-container\"><div class=\"themestek-vc_general themestek-vc_cta3 themestek-cta3-only themestek-vc_cta3-style-classic themestek-vc_cta3-shape-rounded themestek-vc_cta3-align-left themestek-vc_cta3-color-transparent themestek-vc_cta3-icon-size-md themestek-vc_cta3-actions-no themestek-cta3-without-desc\"><div class=\"themestek-vc_cta3_content-container\"><div class=\"themestek-vc_cta3-content\"><div class=\"themestek-vc_cta3-content-header themestek-wrap\"><div class=\"themestek-vc_cta3-headers themestek-wrap-cell\"><h2 class=\"themestek-custom-heading \" >\u0646\u0645\u0648\u0630\u062c \u0627\u0644\u0627\u062a\u0635\u0627\u0644<\/h2>\n<\/div><\/div><\/div><\/div><\/div><\/section><\/div> <!-- .themestek-element-heading-wrapper container --> [vc_column_text]<div id=\"quform-87b75d\" class=\"quform quform-6 quform-rtl quform-support-page-caching\"><form id=\"quform-form-87b75d\" class=\"quform-form quform-form-6\" action=\"\/ar\/wp-json\/wp\/v2\/pages\/14607#quform-87b75d\" method=\"post\" enctype=\"multipart\/form-data\" novalidate=\"novalidate\" data-options=\"{&quot;id&quot;:6,&quot;uniqueId&quot;:&quot;87b75d&quot;,&quot;theme&quot;:&quot;&quot;,&quot;ajax&quot;:true,&quot;logic&quot;:{&quot;logic&quot;:[],&quot;dependents&quot;:[],&quot;elementIds&quot;:[],&quot;dependentElementIds&quot;:[],&quot;animate&quot;:true},&quot;currentPageId&quot;:1,&quot;errorsIcon&quot;:&quot;&quot;,&quot;updateFancybox&quot;:true,&quot;hasPages&quot;:false,&quot;pages&quot;:[1],&quot;pageProgressType&quot;:&quot;numbers&quot;,&quot;tooltipsEnabled&quot;:true,&quot;tooltipClasses&quot;:&quot;qtip-quform-dark qtip-shadow&quot;,&quot;tooltipMy&quot;:&quot;left center&quot;,&quot;tooltipAt&quot;:&quot;right center&quot;,&quot;isRtl&quot;:true,&quot;scrollOffset&quot;:-50,&quot;scrollSpeed&quot;:800}\"><button class=\"quform-default-submit\" name=\"quform_submit\" type=\"submit\" value=\"submit\" aria-hidden=\"true\" tabindex=\"-1\"><\/button><div class=\"quform-form-inner quform-form-inner-6\"><input type=\"hidden\" name=\"quform_form_id\" value=\"6\" \/><input type=\"hidden\" name=\"quform_form_uid\" value=\"87b75d\" \/><input type=\"hidden\" name=\"quform_count\" value=\"1\" \/><input type=\"hidden\" name=\"form_url\" value=\"https:\/\/cemmaks.com\/ar\/wp-json\/wp\/v2\/pages\/14607\" \/><input type=\"hidden\" name=\"referring_url\" value=\"\" \/><input type=\"hidden\" name=\"post_id\" value=\"\" \/><input type=\"hidden\" name=\"post_title\" value=\"\" \/><input type=\"hidden\" name=\"quform_current_page_id\" value=\"1\" \/><input type=\"hidden\" name=\"quform_csrf_token\" value=\"dzLlGpoU585Y3DIY9n21of0yBRXbCUEiSDGrOHCT\" \/><div class=\"quform-elements quform-elements-6 quform-cf quform-responsive-elements-phone-landscape\"><div class=\"quform-element quform-element-page quform-page-1 quform-page-6_1 quform-cf quform-group-style-plain quform-first-page quform-last-page quform-current-page\"><div class=\"quform-child-elements\"><div class=\"quform-element quform-element-text quform-element-6_6 quform-cf quform-labels-inside quform-element-required\"><div class=\"quform-spacer\"><div class=\"quform-label quform-label-6_6\"><label class=\"quform-label-text\" for=\"quform_6_6_87b75d\">\u0627\u0644\u0627\u0633\u0645 \u0648\u0627\u0644\u0644\u0642\u0628<span class=\"quform-required\">*<\/span><\/label><\/div><div class=\"quform-inner quform-inner-text quform-inner-6_6\"><div class=\"quform-input quform-input-text quform-input-6_6 quform-cf\"><input type=\"text\" id=\"quform_6_6_87b75d\" name=\"quform_6_6\" class=\"quform-field quform-field-text quform-field-6_6\" \/><\/div><\/div><\/div><\/div><div class=\"quform-element quform-element-text quform-element-6_12 quform-cf quform-labels-inside quform-element-optional\"><div class=\"quform-spacer\"><div class=\"quform-label quform-label-6_12\"><label class=\"quform-label-text\" for=\"quform_6_12_87b75d\">\u0634\u0631\u0643\u0629<\/label><\/div><div class=\"quform-inner quform-inner-text quform-inner-6_12\"><div class=\"quform-input quform-input-text quform-input-6_12 quform-cf\"><input type=\"text\" id=\"quform_6_12_87b75d\" name=\"quform_6_12\" class=\"quform-field quform-field-text quform-field-6_12\" \/><\/div><\/div><\/div><\/div><div class=\"quform-element quform-element-text quform-element-6_8 quform-cf quform-labels-inside quform-element-required\"><div class=\"quform-spacer\"><div class=\"quform-label quform-label-6_8\"><label class=\"quform-label-text\" for=\"quform_6_8_87b75d\">\u0627\u0644\u0647\u0627\u062a\u0641<span class=\"quform-required\">*<\/span><\/label><\/div><div class=\"quform-inner quform-inner-text quform-inner-6_8\"><div class=\"quform-input quform-input-text quform-input-6_8 quform-cf\"><input type=\"text\" id=\"quform_6_8_87b75d\" name=\"quform_6_8\" class=\"quform-field quform-field-text quform-field-6_8\" \/><\/div><\/div><\/div><\/div><div class=\"quform-element quform-element-email quform-element-6_9 quform-cf quform-labels-inside quform-element-required\"><div class=\"quform-spacer\"><div class=\"quform-label quform-label-6_9\"><label class=\"quform-label-text\" for=\"quform_6_9_87b75d\">\u0639\u0646\u0648\u0627\u0646 \u0627\u0644\u0628\u0631\u064a\u062f \u0627\u0644\u0627\u0644\u0643\u062a\u0631\u0648\u0646\u064a<span class=\"quform-required\">*<\/span><\/label><\/div><div class=\"quform-inner quform-inner-email quform-inner-6_9\"><div class=\"quform-input quform-input-email quform-input-6_9 quform-cf\"><input type=\"email\" id=\"quform_6_9_87b75d\" name=\"quform_6_9\" class=\"quform-field quform-field-email quform-field-6_9\" \/><\/div><\/div><\/div><\/div><div class=\"quform-element quform-element-textarea quform-element-6_11 quform-cf quform-labels-inside quform-element-required\"><div class=\"quform-spacer\"><div class=\"quform-label quform-label-6_11\"><label class=\"quform-label-text\" for=\"quform_6_11_87b75d\">\u0631\u0633\u0627\u0644\u062a\u0643 \u0623\u0648 \u0637\u0644\u0628\u0643 <span class=\"quform-required\">*<\/span><\/label><\/div><div class=\"quform-inner quform-inner-textarea quform-inner-6_11\"><div class=\"quform-input quform-input-textarea quform-input-6_11 quform-cf\"><textarea id=\"quform_6_11_87b75d\" name=\"quform_6_11\" class=\"quform-field quform-field-textarea quform-field-6_11\"><\/textarea><\/div><\/div><\/div><\/div><div class=\"quform-element quform-element-captcha quform-element-6_10 quform-cf quform-labels-inside quform-element-required\"><div class=\"quform-spacer\"><div class=\"quform-label quform-label-6_10\"><label class=\"quform-label-text\" for=\"quform_6_10_87b75d\">\u0627\u0644\u0631\u062c\u0627\u0621 \u0643\u062a\u0627\u0628\u0629 \u0627\u0644\u0623\u062d\u0631\u0641 \u0627\u0644\u062a\u0627\u0644\u064a\u0629 <span class=\"quform-required\">*<\/span><\/label><\/div><div class=\"quform-inner quform-inner-captcha quform-inner-6_10\"><div class=\"quform-input quform-input-captcha quform-input-6_10 quform-cf\"><input type=\"text\" id=\"quform_6_10_87b75d\" name=\"quform_6_10\" class=\"quform-field quform-field-captcha quform-field-6_10\" \/><\/div><div class=\"quform-captcha quform-cf\"><div class=\"quform-captcha-image quform-captcha-image-6_10\"><img loading=\"lazy\" decoding=\"async\" src=\"data:image\/png;base64,iVBORw0KGgoAAAANSUhEUgAAAOYAAABQBAMAAAD\/1xTgAAAAG1BMVEX\/\/\/8iIiKQkJA9PT10dHTj4+PHx8esrKxZWVkF5HaiAAAACXBIWXMAAA7EAAAOxAGVKw4bAAAEQElEQVRoge1YS1PbQAx24kd8RDWPHOMApceaQpsjhnTgGANNe7ShHXoklNJrPNDHz+5K68fKSdZph2HaGeuQOJvVfnp80ioxjEYaaaSRRhpp5L+X8c3w+okhfQBYe1pIW0DC+lJb3396TMxny+x0AAbHo0cBDQcprC6z0UXrVv4GYnNPmDpmUYqgu4ymCQsyf1ej2AHongQAB8bR4LlhfIvFWgs8+s6+uP+hUW0v8NOFnh6TFJE1Ahy6KXkoHDCc4X2A6zrdW7FjOrs8gZfLYW642cOIEjWalB8Xi4nxmZEAdofbWtA0w2yVIBZAHMpPegILnd7MokOKsU7P3qQ9a7nDBvkek58bNQWYAMx2LHnQRq3mquh2DrrmHRvEq+vOjj83cEwm82KfJSnWalpZ3xEGdmmngyETL556oLM1fF7VFGbZt78e+PERwCvZypz7t4swO1naopyFNnp4BrCvbDpFFr+paIbgUd4ZY3zRUS7J4IhbzQRkPfpFQAS4HbC4OVQ41WBn\/OOBDESpoPa+MGlxdkJ5fFC0H6Hm8kY\/EZm+Cao9MYdUGdMmLifoqDBpYaVK+nVKlBRWUkZJhyy2KqVB18HeMGCOmvTBwjoLNe3YpES6pVUhdIGl05QZD3l7dWQBY9xLf5I8aCQL\/bTIHqXYfNqvECCRyhEPLrZLVHHV4PqyXyYwjwDM3nUiYb6QNb7XxY5QBtXk\/VekjmywoVQl2hoF6eJFmAaSw1aMRSNvVI1UhsDih7j5VRYqHD\/LcnJe0zrRxbYS\/AjxfYW5qfSzQiIzL2jWA8fyzcFCUndXBPNuKnotfM6zJTEPMsemilqUb5jT6+f2EFUEXm+i5MSk50kZbV+SPuJETPJQt2bI8hEju6uBxLhOUyX4LnEFHd0ej+TpRIxKwfk5pWYwL2shibjqcZbkxKRoMS4d+gE4ZsH0amytekgkrqeqCb+P+6OsSnEB++fDEUDKMItmGVUw09rb3siaQEH3K7rG92WRymPP5NSQsHzmX2JAYmXdBdDcKLlEqmGWBFuj14Fkpo1W7YopaVoqOUUrSHmvwPvtex0kjapFK80mo+nm3t27cstF\/yuedlCudCCDsoENxA7AMgNyW22NNFwMDllw7C3yl8WwnRewy8cfU9fbUc4HvczkAsM+ObyrZuOMTm0rNSxtoz4Xcgwf9COqIKQnp0s9z2TnTtg9jv54sSwhdfwLag6zIL\/W9bN3iMec8tKPqJQOX1TS16kLrUmYePHEWkxh1MMJ8OszKUYTNq252ivMkBwdYSHUlLCsH49N0BFNH5Xbndz3DJ0Io7wHbBtTPabxBY\/usaU2TLNSZsU4qRviO6B2G51c9HeqZBTV+xmVf7JVv\/aHcDjH0j+RcR97RQXzQK8jf9Es9f\/BkhLV\/IAUch5gI31ETPtINx5ke64e6y+XRhpppJFGGmmkkUb+NfkN3bCsGpA7kJAAAAAASUVORK5CYII=\" alt=\"CAPTCHA image\" data-element-id=\"10\" width=\"115\" height=\"40\" \/><\/div><\/div><\/div><\/div><\/div><div class=\"quform-element quform-element-submit quform-element-6_2 quform-cf quform-button-style-theme quform-button-width-full\"><div class=\"quform-button-submit quform-button-submit-default quform-button-submit-6_2\"><button name=\"quform_submit\" type=\"submit\" class=\"quform-submit\" value=\"submit\"><span class=\"quform-button-text quform-button-submit-text\">\u0623\u0631\u0633\u0644\u0647\u0627 \u0627\u0644\u0622\u0646<\/span><\/button><\/div><div class=\"quform-loading quform-loading-position-left quform-loading-type-spinner-1\"><div class=\"quform-loading-inner\"><div class=\"quform-loading-spinner\"><div class=\"quform-loading-spinner-inner\"><\/div><\/div><\/div><\/div><\/div><div class=\"quform-element-tree\"><label for=\"quform_6_0_87b75d\">This field should be left blank<\/label><input type=\"text\" id=\"quform_6_0_87b75d\" name=\"quform_6_0\" class=\"quform-field quform-field-tree quform-field-6_0\" tabindex=\"-1\" autocomplete=\"off\" \/><\/div><\/div><\/div><\/div><\/div><\/form><\/div>[\/vc_column_text][\/vc_column_inner][\/vc_row_inner][\/vc_column][\/vc_row]<\/p>\n<\/div>","protected":false},"excerpt":{"rendered":"<p>[vc_row][vc_column width=&#8221;1\/3&#8243;][\/vc_column][vc_column width=&#8221;1\/3&#8243;][\/vc_column][vc_column width=&#8221;1\/3&#8243;][\/vc_column][\/vc_row][vc_row css=&#8221;.vc_custom_1576473295771{padding-top: 0px !important;padding-bottom: 90px !important;}&#8221;][vc_column][vc_row_inner equal_height=&#8221;yes&#8221; gap=&#8221;0px&#8221; css=&#8221;.vc_custom_1576472909816{margin-right: 0px !important;margin-left: 0px !important;padding-top: 0px !important;padding-bottom: 0px !important;}&#8221; el_class=&#8221;ts-border-radius-2 ts-image-shadow-2&#8243;][vc_column_inner width=&#8221;1\/2&#8243; css=&#8221;.vc_custom_1576471537997{padding-left: 0px !important;}&#8221;][vc_raw_html css=&#8221;.vc_custom_1672199474028{margin-bottom: 0px !important;}&#8221;]JTNDZGl2JTIwc3R5bGUlM0QlMjJoZWlnaHQlM0E1OTBweCUzQiUyMiUzRSUwQSUzQ2lmcmFtZSUyMHNyYyUzRCUyMmh0dHBzJTNBJTJGJTJGd3d3Lmdvb2dsZS5jb20lMkZtYXBzJTJGZW1iZWQlM0ZwYiUzRCUyMTFtMTglMjExbTEyJTIxMW0zJTIxMWQzMDA3LjMyMTY4MDM1NDI2MTQlMjEyZDI4Ljc4NzYyNTcxNTY4NjY5OCUyMTNkNDEuMDgzODE3Njc5MjkzMTc2JTIxMm0zJTIxMWYwJTIxMmYwJTIxM2YwJTIxM20yJTIxMWkxMDI0JTIxMmk3NjglMjE0ZjEzLjElMjEzbTMlMjExbTIlMjExczB4MTRjYWFmZjllZmU2ZmU1MyUyNTNBMHg3OTVjOTY1NzdkY2ZjMGIzJTIxMnNDRU1NQUtTJTI1MjBNT0IlMjVDNCUyNUIwWUxZQSUyNTIwQUtTRVNVQVIlMjUyMCUyOFBsYXN0aWslMjUyME1vYmlseWElMjUyMEF5YWtsYXIlMjVDNCUyNUIxJTI5JTIxNWUwJTIxM20yJTIxMXN0ciUyMTJzdHIlMjE0djE2NzIxOTk0MTM4NjAlMjE1bTIlMjExc3RyJTIxMnN0ciUyMiUyMHdpZHRoJTNEJTIyNjAwJTIyJTIwaGVpZ2h0JTNEJTIyNjUwJTIyJTIwc3R5bGUlM0QlMjJib3JkZXIlM0EwJTNCJTIyJTIwYWxsb3dmdWxsc2NyZWVuJTNEJTIyJTIyJTIwbG9hZGluZyUzRCUyMmxhenklMjIlMjByZWZlcnJlcnBvbGljeSUzRCUyMm5vLXJlZmVycmVyLXdoZW4tZG93bmdyYWRlJTIyJTNFJTNDJTJGaWZyYW1lJTNFJTNDJTJGZGl2JTNF[\/vc_raw_html][\/vc_column_inner][vc_column_inner width=&#8221;1\/2&#8243; css=&#8221;.vc_custom_1576473344088{padding-top: 50px !important;padding-right: 40px !important;padding-bottom: 0px !important;padding-left: 20px !important;}&#8221;][vc_column_text][\/vc_column_text][\/vc_column_inner][\/vc_row_inner][\/vc_column][\/vc_row]<\/p>\n","protected":false},"author":1,"featured_media":0,"parent":0,"menu_order":10,"comment_status":"closed","ping_status":"closed","template":"","meta":{"footnotes":""},"class_list":["post-14607","page","type-page","status-publish","hentry"],"_links":{"self":[{"href":"https:\/\/cemmaks.com\/ar\/wp-json\/wp\/v2\/pages\/14607","targetHints":{"allow":["GET"]}}],"collection":[{"href":"https:\/\/cemmaks.com\/ar\/wp-json\/wp\/v2\/pages"}],"about":[{"href":"https:\/\/cemmaks.com\/ar\/wp-json\/wp\/v2\/types\/page"}],"author":[{"embeddable":true,"href":"https:\/\/cemmaks.com\/ar\/wp-json\/wp\/v2\/users\/1"}],"replies":[{"embeddable":true,"href":"https:\/\/cemmaks.com\/ar\/wp-json\/wp\/v2\/comments?post=14607"}],"version-history":[{"count":3,"href":"https:\/\/cemmaks.com\/ar\/wp-json\/wp\/v2\/pages\/14607\/revisions"}],"predecessor-version":[{"id":14658,"href":"https:\/\/cemmaks.com\/ar\/wp-json\/wp\/v2\/pages\/14607\/revisions\/14658"}],"wp:attachment":[{"href":"https:\/\/cemmaks.com\/ar\/wp-json\/wp\/v2\/media?parent=14607"}],"curies":[{"name":"wp","href":"https:\/\/api.w.org\/{rel}","templated":true}]}}