{"id":14599,"date":"2018-08-03T06:04:16","date_gmt":"2018-08-03T03:04:16","guid":{"rendered":"https:\/\/orangered-fish-492157.hostingersite.com\/iletisim\/"},"modified":"2023-01-23T18:36:42","modified_gmt":"2023-01-23T15:36:42","slug":"contact","status":"publish","type":"page","link":"https:\/\/cemmaks.com\/en\/contact\/","title":{"rendered":"Contact"},"content":{"rendered":"<div class=\"wpb-content-wrapper\"><p>[vc_row][vc_column width=&#8221;1\/3&#8243;]<div class=\"themestek-ihbox themestek-ihbox-style-2 themestek-ihbox-itype-icon \">\r\n\t<div class=\"themestek-sbox-bgimage-layer themestek-bgimage-layer\"><\/div>\r\n\t<div class=\"themestek-ihbox-wrapper-bg-layer themestek-bg-layer\"><\/div>\r\n\t<div class=\"themestek-ihbox-inner\">\r\n\t\t<div class=\"themestek-ihbox-icon\">\r\n\t\t\t<div class=\"themestek-ihbox-icon-wrapper\"><i class=\"themestek-liviza-business-icon themestek-liviza-business-icon-placeholder\"><\/i><\/div>\t\t<\/div>\r\n\t\t<div class=\"themestek-ihbox-contents\">\r\n\t\t\t<div class=\"themestek-vc_general themestek-vc_cta3 themestek-cta3-only themestek-vc_cta3-style-classic themestek-vc_cta3-shape-rounded themestek-vc_cta3-align-left themestek-vc_cta3-color-transparent themestek-vc_cta3-icon-size-md themestek-vc_cta3-actions-no themestek-cta3-without-desc\"><div class=\"themestek-vc_cta3_content-container\"><div class=\"themestek-vc_cta3-content\"><div class=\"themestek-vc_cta3-content-header themestek-wrap\"><div class=\"themestek-vc_cta3-headers themestek-wrap-cell\"><h2 class=\"themestek-custom-heading \">Address<\/h2>\n<\/div><\/div><\/div><\/div><\/div>\t\t\t<div class=\"themestek-cta3-content-wrapper\">\u0130kitelli OSB. Dersankoop Sanayi Sitesi<br \/>\nS1B Blok No:115 Ba\u015fak\u015fehir &#8211; \u0130stanbul<\/div>\t\t\t\t\t<\/div><!-- .themestek-ihbox-contents -->\r\n\t<\/div>\r\n<\/div>\r\n[\/vc_column][vc_column width=&#8221;1\/3&#8243;]<div class=\"themestek-ihbox themestek-ihbox-style-2 themestek-ihbox-itype-icon vc_custom_1674446197997 \">\r\n\t<div class=\"themestek-sbox-bgimage-layer themestek-bgimage-layer\"><\/div>\r\n\t<div class=\"themestek-ihbox-wrapper-bg-layer themestek-bg-layer\"><\/div>\r\n\t<div class=\"themestek-ihbox-inner\">\r\n\t\t<div class=\"themestek-ihbox-icon\">\r\n\t\t\t<div class=\"themestek-ihbox-icon-wrapper\"><i class=\"themestek-liviza-business-icon themestek-liviza-business-icon-call\"><\/i><\/div>\t\t<\/div>\r\n\t\t<div class=\"themestek-ihbox-contents\">\r\n\t\t\t<div class=\"themestek-vc_general themestek-vc_cta3 themestek-cta3-only themestek-vc_cta3-style-classic themestek-vc_cta3-shape-rounded themestek-vc_cta3-align-left themestek-vc_cta3-color-transparent themestek-vc_cta3-icon-size-md themestek-vc_cta3-actions-no themestek-cta3-without-desc\"><div class=\"themestek-vc_cta3_content-container\"><div class=\"themestek-vc_cta3-content\"><div class=\"themestek-vc_cta3-content-header themestek-wrap\"><div class=\"themestek-vc_cta3-headers themestek-wrap-cell\"><h2 class=\"themestek-custom-heading \">Phone<\/h2>\n<\/div><\/div><\/div><\/div><\/div>\t\t\t<div class=\"themestek-cta3-content-wrapper\">+90 533 706 14 28<\/div>\t\t\t\t\t<\/div><!-- .themestek-ihbox-contents -->\r\n\t<\/div>\r\n<\/div>\r\n[\/vc_column][vc_column width=&#8221;1\/3&#8243;]<div class=\"themestek-ihbox themestek-ihbox-style-2 themestek-ihbox-itype-icon vc_custom_1672200236337 \">\r\n\t<div class=\"themestek-sbox-bgimage-layer themestek-bgimage-layer\"><\/div>\r\n\t<div class=\"themestek-ihbox-wrapper-bg-layer themestek-bg-layer\"><\/div>\r\n\t<div class=\"themestek-ihbox-inner\">\r\n\t\t<div class=\"themestek-ihbox-icon\">\r\n\t\t\t<div class=\"themestek-ihbox-icon-wrapper\"><i class=\"themestek-liviza-business-icon themestek-liviza-business-icon-envelope\"><\/i><\/div>\t\t<\/div>\r\n\t\t<div class=\"themestek-ihbox-contents\">\r\n\t\t\t<div class=\"themestek-vc_general themestek-vc_cta3 themestek-cta3-only themestek-vc_cta3-style-classic themestek-vc_cta3-shape-rounded themestek-vc_cta3-align-left themestek-vc_cta3-color-transparent themestek-vc_cta3-icon-size-md themestek-vc_cta3-actions-no themestek-cta3-without-desc\"><div class=\"themestek-vc_cta3_content-container\"><div class=\"themestek-vc_cta3-content\"><div class=\"themestek-vc_cta3-content-header themestek-wrap\"><div class=\"themestek-vc_cta3-headers themestek-wrap-cell\"><h2 class=\"themestek-custom-heading \">Email<\/h2>\n<\/div><\/div><\/div><\/div><\/div>\t\t\t<div class=\"themestek-cta3-content-wrapper\">info@orangered-fish-492157.hostingersite.com<\/div>\t\t\t\t\t<\/div><!-- .themestek-ihbox-contents -->\r\n\t<\/div>\r\n<\/div>\r\n[\/vc_column][\/vc_row][vc_row css=&#8221;.vc_custom_1576473295771{padding-top: 0px !important;padding-bottom: 90px !important;}&#8221;][vc_column][vc_row_inner equal_height=&#8221;yes&#8221; gap=&#8221;0px&#8221; css=&#8221;.vc_custom_1576472909816{margin-right: 0px !important;margin-left: 0px !important;padding-top: 0px !important;padding-bottom: 0px !important;}&#8221; el_class=&#8221;ts-border-radius-2 ts-image-shadow-2&#8243;][vc_column_inner width=&#8221;1\/2&#8243; css=&#8221;.vc_custom_1576471537997{padding-left: 0px !important;}&#8221;][vc_raw_html css=&#8221;.vc_custom_1672199474028{margin-bottom: 0px !important;}&#8221;]JTNDZGl2JTIwc3R5bGUlM0QlMjJoZWlnaHQlM0E1OTBweCUzQiUyMiUzRSUwQSUzQ2lmcmFtZSUyMHNyYyUzRCUyMmh0dHBzJTNBJTJGJTJGd3d3Lmdvb2dsZS5jb20lMkZtYXBzJTJGZW1iZWQlM0ZwYiUzRCUyMTFtMTglMjExbTEyJTIxMW0zJTIxMWQzMDA3LjMyMTY4MDM1NDI2MTQlMjEyZDI4Ljc4NzYyNTcxNTY4NjY5OCUyMTNkNDEuMDgzODE3Njc5MjkzMTc2JTIxMm0zJTIxMWYwJTIxMmYwJTIxM2YwJTIxM20yJTIxMWkxMDI0JTIxMmk3NjglMjE0ZjEzLjElMjEzbTMlMjExbTIlMjExczB4MTRjYWFmZjllZmU2ZmU1MyUyNTNBMHg3OTVjOTY1NzdkY2ZjMGIzJTIxMnNDRU1NQUtTJTI1MjBNT0IlMjVDNCUyNUIwWUxZQSUyNTIwQUtTRVNVQVIlMjUyMCUyOFBsYXN0aWslMjUyME1vYmlseWElMjUyMEF5YWtsYXIlMjVDNCUyNUIxJTI5JTIxNWUwJTIxM20yJTIxMXN0ciUyMTJzdHIlMjE0djE2NzIxOTk0MTM4NjAlMjE1bTIlMjExc3RyJTIxMnN0ciUyMiUyMHdpZHRoJTNEJTIyNjAwJTIyJTIwaGVpZ2h0JTNEJTIyNjUwJTIyJTIwc3R5bGUlM0QlMjJib3JkZXIlM0EwJTNCJTIyJTIwYWxsb3dmdWxsc2NyZWVuJTNEJTIyJTIyJTIwbG9hZGluZyUzRCUyMmxhenklMjIlMjByZWZlcnJlcnBvbGljeSUzRCUyMm5vLXJlZmVycmVyLXdoZW4tZG93bmdyYWRlJTIyJTNFJTNDJTJGaWZyYW1lJTNFJTNDJTJGZGl2JTNF[\/vc_raw_html][\/vc_column_inner][vc_column_inner width=&#8221;1\/2&#8243; css=&#8221;.vc_custom_1576473344088{padding-top: 50px !important;padding-right: 40px !important;padding-bottom: 0px !important;padding-left: 20px !important;}&#8221;]<div class=\"themestek-element-heading-wrapper themestek-heading-inner themestek-element-align-left themestek-seperator-none \"><section class=\"themestek-vc_cta3-container\"><div class=\"themestek-vc_general themestek-vc_cta3 themestek-cta3-only themestek-vc_cta3-style-classic themestek-vc_cta3-shape-rounded themestek-vc_cta3-align-left themestek-vc_cta3-color-transparent themestek-vc_cta3-icon-size-md themestek-vc_cta3-actions-no themestek-cta3-without-desc\"><div class=\"themestek-vc_cta3_content-container\"><div class=\"themestek-vc_cta3-content\"><div class=\"themestek-vc_cta3-content-header themestek-wrap\"><div class=\"themestek-vc_cta3-headers themestek-wrap-cell\"><h4 class=\"themestek-custom-heading \" >WRITE US<\/h4>\n<h2 class=\"themestek-custom-heading \" >Contact <em>&amp;<\/em> Information Form<\/h2>\n<\/div><\/div><\/div><\/div><\/div><\/section><\/div> <!-- .themestek-element-heading-wrapper container --> [vc_column_text]<div id=\"quform-516625\" class=\"quform quform-4 quform-support-page-caching\"><form id=\"quform-form-516625\" class=\"quform-form quform-form-4\" action=\"\/en\/wp-json\/wp\/v2\/pages\/14599#quform-516625\" method=\"post\" enctype=\"multipart\/form-data\" novalidate=\"novalidate\" data-options=\"{&quot;id&quot;:4,&quot;uniqueId&quot;:&quot;516625&quot;,&quot;theme&quot;:&quot;&quot;,&quot;ajax&quot;:true,&quot;logic&quot;:{&quot;logic&quot;:[],&quot;dependents&quot;:[],&quot;elementIds&quot;:[],&quot;dependentElementIds&quot;:[],&quot;animate&quot;:true},&quot;currentPageId&quot;:1,&quot;errorsIcon&quot;:&quot;&quot;,&quot;updateFancybox&quot;:true,&quot;hasPages&quot;:false,&quot;pages&quot;:[1],&quot;pageProgressType&quot;:&quot;numbers&quot;,&quot;tooltipsEnabled&quot;:true,&quot;tooltipClasses&quot;:&quot;qtip-quform-dark qtip-shadow&quot;,&quot;tooltipMy&quot;:&quot;left center&quot;,&quot;tooltipAt&quot;:&quot;right center&quot;,&quot;isRtl&quot;:false,&quot;scrollOffset&quot;:-50,&quot;scrollSpeed&quot;:800}\"><button class=\"quform-default-submit\" name=\"quform_submit\" type=\"submit\" value=\"submit\" aria-hidden=\"true\" tabindex=\"-1\"><\/button><div class=\"quform-form-inner quform-form-inner-4\"><input type=\"hidden\" name=\"quform_form_id\" value=\"4\" \/><input type=\"hidden\" name=\"quform_form_uid\" value=\"516625\" \/><input type=\"hidden\" name=\"quform_count\" value=\"1\" \/><input type=\"hidden\" name=\"form_url\" value=\"https:\/\/cemmaks.com\/en\/wp-json\/wp\/v2\/pages\/14599\" \/><input type=\"hidden\" name=\"referring_url\" value=\"\" \/><input type=\"hidden\" name=\"post_id\" value=\"\" \/><input type=\"hidden\" name=\"post_title\" value=\"\" \/><input type=\"hidden\" name=\"quform_current_page_id\" value=\"1\" \/><input type=\"hidden\" name=\"quform_csrf_token\" value=\"qHMYfHr3km6VZS3awE5w2SbfdaY0UbepGvyfnwh1\" \/><div class=\"quform-elements quform-elements-4 quform-cf quform-responsive-elements-phone-landscape\"><div class=\"quform-element quform-element-page quform-page-1 quform-page-4_1 quform-cf quform-group-style-plain quform-first-page quform-last-page quform-current-page\"><div class=\"quform-child-elements\"><div class=\"quform-element quform-element-text quform-element-4_6 quform-cf quform-labels-inside quform-element-required\"><div class=\"quform-spacer\"><div class=\"quform-label quform-label-4_6\"><label class=\"quform-label-text\" for=\"quform_4_6_516625\">Name<span class=\"quform-required\">*<\/span><\/label><\/div><div class=\"quform-inner quform-inner-text quform-inner-4_6\"><div class=\"quform-input quform-input-text quform-input-4_6 quform-cf\"><input type=\"text\" id=\"quform_4_6_516625\" name=\"quform_4_6\" class=\"quform-field quform-field-text quform-field-4_6\" \/><\/div><\/div><\/div><\/div><div class=\"quform-element quform-element-text quform-element-4_12 quform-cf quform-labels-inside quform-element-optional\"><div class=\"quform-spacer\"><div class=\"quform-label quform-label-4_12\"><label class=\"quform-label-text\" for=\"quform_4_12_516625\">Company<\/label><\/div><div class=\"quform-inner quform-inner-text quform-inner-4_12\"><div class=\"quform-input quform-input-text quform-input-4_12 quform-cf\"><input type=\"text\" id=\"quform_4_12_516625\" name=\"quform_4_12\" class=\"quform-field quform-field-text quform-field-4_12\" \/><\/div><\/div><\/div><\/div><div class=\"quform-element quform-element-text quform-element-4_8 quform-cf quform-labels-inside quform-element-required\"><div class=\"quform-spacer\"><div class=\"quform-label quform-label-4_8\"><label class=\"quform-label-text\" for=\"quform_4_8_516625\">Phone<span class=\"quform-required\">*<\/span><\/label><\/div><div class=\"quform-inner quform-inner-text quform-inner-4_8\"><div class=\"quform-input quform-input-text quform-input-4_8 quform-cf\"><input type=\"text\" id=\"quform_4_8_516625\" name=\"quform_4_8\" class=\"quform-field quform-field-text quform-field-4_8\" \/><\/div><\/div><\/div><\/div><div class=\"quform-element quform-element-email quform-element-4_9 quform-cf quform-labels-inside quform-element-required\"><div class=\"quform-spacer\"><div class=\"quform-label quform-label-4_9\"><label class=\"quform-label-text\" for=\"quform_4_9_516625\">Mail<span class=\"quform-required\">*<\/span><\/label><\/div><div class=\"quform-inner quform-inner-email quform-inner-4_9\"><div class=\"quform-input quform-input-email quform-input-4_9 quform-cf\"><input type=\"email\" id=\"quform_4_9_516625\" name=\"quform_4_9\" class=\"quform-field quform-field-email quform-field-4_9\" \/><\/div><\/div><\/div><\/div><div class=\"quform-element quform-element-textarea quform-element-4_11 quform-cf quform-labels-inside quform-element-required\"><div class=\"quform-spacer\"><div class=\"quform-label quform-label-4_11\"><label class=\"quform-label-text\" for=\"quform_4_11_516625\">Your Message<span class=\"quform-required\">*<\/span><\/label><\/div><div class=\"quform-inner quform-inner-textarea quform-inner-4_11\"><div class=\"quform-input quform-input-textarea quform-input-4_11 quform-cf\"><textarea id=\"quform_4_11_516625\" name=\"quform_4_11\" class=\"quform-field quform-field-textarea quform-field-4_11\"><\/textarea><\/div><\/div><\/div><\/div><div class=\"quform-element quform-element-captcha quform-element-4_10 quform-cf quform-labels-inside quform-element-required\"><div class=\"quform-spacer\"><div class=\"quform-label quform-label-4_10\"><label class=\"quform-label-text\" for=\"quform_4_10_516625\">Please Fill The Characters<span class=\"quform-required\">*<\/span><\/label><\/div><div class=\"quform-inner quform-inner-captcha quform-inner-4_10\"><div class=\"quform-input quform-input-captcha quform-input-4_10 quform-cf\"><input type=\"text\" id=\"quform_4_10_516625\" name=\"quform_4_10\" class=\"quform-field quform-field-captcha quform-field-4_10\" \/><\/div><div class=\"quform-captcha quform-cf\"><div class=\"quform-captcha-image quform-captcha-image-4_10\"><img loading=\"lazy\" decoding=\"async\" src=\"data:image\/png;base64,iVBORw0KGgoAAAANSUhEUgAAAOYAAABQBAMAAAD\/1xTgAAAAG1BMVEX\/\/\/8iIiLj4+NZWVk9PT10dHTHx8eQkJCsrKz034VSAAAACXBIWXMAAA7EAAAOxAGVKw4bAAADqElEQVRoge1XTU\/bQBA1G38dM9gQjokoocdGhIojadKWY10qtceYotBjXImPYyIk4Gd3Ztd2dr0mWSTqStU+iTpd7+7bmXkzs3YcCwsLCwsLC4v\/ErPmKUN41zinC3uNcy6hc\/u7Yc4BIL40SsmIEqJuk5wh52xWR57gjPDn4Y+\/Q8GqA1sAiwMeUTYytnY\/\/squhtE0HI1v\/CTiG88e6mb2H89HsFMZzKBD\/+A4Wtwx5EyEc0574rlwHF88VFwhH8dUGUYJbTtOiwx1AeKDk5dwtpfiOc93qMx6AwVUzgBP65BbIdrHl7jJZwPOfLf2JX\/EXZTiZKBFJisoY3XcFcdL6Q3+pUJNGxGQ0+K58xaze6eb71TlJC\/Ex9cAu+p4j3uGzOUHYvdmnLRgO7d4IUZa5DAM7G23mJPC2YU8Q+Kc0lNECDVkyMlywWXl\/Ba0vcnkSBJ\/j\/\/UZevma0RpwJNqM57BQCwclY7zoJ2CUke3oM3FVfU5u54XSxBdztk36ahLPtsH4VGHvL1NqdN5kuzZJUeQxGoRUqn\/QD6L0M3RdCOny4XgCTkIzl3WH8kJ00LOUFNQicORiGZe8g1aqkiyHrdWnBoXtZRUpNtAr6ZUCNxzAdFqqifj4WqnZ8G4ActV+H3kTFSjGCU+Tsg+6esvS0rifE8C2dxQB+SXwYrEh45XrThCQWGNLoMVJb6notErlfE8ljiTSaJksJNosUtIQWG1EDkiN\/Nigu8pqi6pfANQRNNAjhadvGKQUBD6rro4AKknhFw+LQPOgLcFyYKR3vtTvjHTOakslj4J+E8TTtzpNJW7H3IO1CqGCuLvNUlST1mFvuA83chJ+klE0S3+vxeohuY1KNA4PSUdPb6La8KZQqRQJHjyTDEUFTR7uh5qDZSyVsqMgtPgluJWunECJFFppV\/27GpdSJSe6vFIbplwBpVunNEBsLwezaUJtZxMrXQFp8Elm4FygeonMD7hnaWIcVgwjisXykAVuFCPESd5aCUh3pfiLO+I4lCkzvH3h251YUu23J9gfbxxZmnZLdYhA2kaj+7O\/vHd00U5Ft7qfISeHBRxwaaKH5+tY8P7reBcbRmOj+\/qGXSkclBEBHjJX3dFQafROQfG92GdU8pr1v\/1eOefHw3XbhfwJAnBJIvr4NZ\/CLLumjUev8YstVQ3Bfv28u\/AgBrIT\/NPjddAUWAa\/VIWXwWGt9JXQsg\/HRaNcjrhED42TGlhYWFhYWFh8e\/xB6KahskOlyoeAAAAAElFTkSuQmCC\" alt=\"CAPTCHA image\" data-element-id=\"10\" width=\"115\" height=\"40\" \/><\/div><\/div><\/div><\/div><\/div><div class=\"quform-element quform-element-submit quform-element-4_2 quform-cf quform-button-style-theme quform-button-width-full\"><div class=\"quform-button-submit quform-button-submit-default quform-button-submit-4_2\"><button name=\"quform_submit\" type=\"submit\" class=\"quform-submit\" value=\"submit\"><span class=\"quform-button-text quform-button-submit-text\">SEND<\/span><\/button><\/div><div class=\"quform-loading quform-loading-position-left quform-loading-type-spinner-1\"><div class=\"quform-loading-inner\"><div class=\"quform-loading-spinner\"><div class=\"quform-loading-spinner-inner\"><\/div><\/div><\/div><\/div><\/div><div class=\"quform-element-tree\"><label for=\"quform_4_0_516625\">This field should be left blank<\/label><input type=\"text\" id=\"quform_4_0_516625\" name=\"quform_4_0\" class=\"quform-field quform-field-tree quform-field-4_0\" tabindex=\"-1\" autocomplete=\"off\" \/><\/div><\/div><\/div><\/div><\/div><\/form><\/div>[\/vc_column_text][\/vc_column_inner][\/vc_row_inner][\/vc_column][\/vc_row]<\/p>\n<\/div>","protected":false},"excerpt":{"rendered":"<p>[vc_row][vc_column width=&#8221;1\/3&#8243;][\/vc_column][vc_column width=&#8221;1\/3&#8243;][\/vc_column][vc_column width=&#8221;1\/3&#8243;][\/vc_column][\/vc_row][vc_row css=&#8221;.vc_custom_1576473295771{padding-top: 0px !important;padding-bottom: 90px !important;}&#8221;][vc_column][vc_row_inner equal_height=&#8221;yes&#8221; gap=&#8221;0px&#8221; css=&#8221;.vc_custom_1576472909816{margin-right: 0px !important;margin-left: 0px !important;padding-top: 0px !important;padding-bottom: 0px !important;}&#8221; el_class=&#8221;ts-border-radius-2 ts-image-shadow-2&#8243;][vc_column_inner width=&#8221;1\/2&#8243; css=&#8221;.vc_custom_1576471537997{padding-left: 0px !important;}&#8221;][vc_raw_html css=&#8221;.vc_custom_1672199474028{margin-bottom: 0px !important;}&#8221;]JTNDZGl2JTIwc3R5bGUlM0QlMjJoZWlnaHQlM0E1OTBweCUzQiUyMiUzRSUwQSUzQ2lmcmFtZSUyMHNyYyUzRCUyMmh0dHBzJTNBJTJGJTJGd3d3Lmdvb2dsZS5jb20lMkZtYXBzJTJGZW1iZWQlM0ZwYiUzRCUyMTFtMTglMjExbTEyJTIxMW0zJTIxMWQzMDA3LjMyMTY4MDM1NDI2MTQlMjEyZDI4Ljc4NzYyNTcxNTY4NjY5OCUyMTNkNDEuMDgzODE3Njc5MjkzMTc2JTIxMm0zJTIxMWYwJTIxMmYwJTIxM2YwJTIxM20yJTIxMWkxMDI0JTIxMmk3NjglMjE0ZjEzLjElMjEzbTMlMjExbTIlMjExczB4MTRjYWFmZjllZmU2ZmU1MyUyNTNBMHg3OTVjOTY1NzdkY2ZjMGIzJTIxMnNDRU1NQUtTJTI1MjBNT0IlMjVDNCUyNUIwWUxZQSUyNTIwQUtTRVNVQVIlMjUyMCUyOFBsYXN0aWslMjUyME1vYmlseWElMjUyMEF5YWtsYXIlMjVDNCUyNUIxJTI5JTIxNWUwJTIxM20yJTIxMXN0ciUyMTJzdHIlMjE0djE2NzIxOTk0MTM4NjAlMjE1bTIlMjExc3RyJTIxMnN0ciUyMiUyMHdpZHRoJTNEJTIyNjAwJTIyJTIwaGVpZ2h0JTNEJTIyNjUwJTIyJTIwc3R5bGUlM0QlMjJib3JkZXIlM0EwJTNCJTIyJTIwYWxsb3dmdWxsc2NyZWVuJTNEJTIyJTIyJTIwbG9hZGluZyUzRCUyMmxhenklMjIlMjByZWZlcnJlcnBvbGljeSUzRCUyMm5vLXJlZmVycmVyLXdoZW4tZG93bmdyYWRlJTIyJTNFJTNDJTJGaWZyYW1lJTNFJTNDJTJGZGl2JTNF[\/vc_raw_html][\/vc_column_inner][vc_column_inner width=&#8221;1\/2&#8243; css=&#8221;.vc_custom_1576473344088{padding-top: 50px !important;padding-right: 40px !important;padding-bottom: 0px !important;padding-left: 20px !important;}&#8221;][vc_column_text][\/vc_column_text][\/vc_column_inner][\/vc_row_inner][\/vc_column][\/vc_row]<\/p>\n","protected":false},"author":1,"featured_media":0,"parent":0,"menu_order":10,"comment_status":"closed","ping_status":"closed","template":"","meta":{"footnotes":""},"class_list":["post-14599","page","type-page","status-publish","hentry"],"_links":{"self":[{"href":"https:\/\/cemmaks.com\/en\/wp-json\/wp\/v2\/pages\/14599","targetHints":{"allow":["GET"]}}],"collection":[{"href":"https:\/\/cemmaks.com\/en\/wp-json\/wp\/v2\/pages"}],"about":[{"href":"https:\/\/cemmaks.com\/en\/wp-json\/wp\/v2\/types\/page"}],"author":[{"embeddable":true,"href":"https:\/\/cemmaks.com\/en\/wp-json\/wp\/v2\/users\/1"}],"replies":[{"embeddable":true,"href":"https:\/\/cemmaks.com\/en\/wp-json\/wp\/v2\/comments?post=14599"}],"version-history":[{"count":3,"href":"https:\/\/cemmaks.com\/en\/wp-json\/wp\/v2\/pages\/14599\/revisions"}],"predecessor-version":[{"id":14656,"href":"https:\/\/cemmaks.com\/en\/wp-json\/wp\/v2\/pages\/14599\/revisions\/14656"}],"wp:attachment":[{"href":"https:\/\/cemmaks.com\/en\/wp-json\/wp\/v2\/media?parent=14599"}],"curies":[{"name":"wp","href":"https:\/\/api.w.org\/{rel}","templated":true}]}}