{"id":14603,"date":"2018-08-03T06:04:16","date_gmt":"2018-08-03T03:04:16","guid":{"rendered":"https:\/\/orangered-fish-492157.hostingersite.com\/iletisim\/"},"modified":"2023-01-23T18:37:09","modified_gmt":"2023-01-23T15:37:09","slug":"%d0%ba%d0%be%d0%bd%d1%82%d0%b0%d0%ba%d1%82%d1%8b","status":"publish","type":"page","link":"https:\/\/cemmaks.com\/ru\/%d0%ba%d0%be%d0%bd%d1%82%d0%b0%d0%ba%d1%82%d1%8b\/","title":{"rendered":"\u041a\u043e\u043d\u0442\u0430\u043a\u0442\u044b"},"content":{"rendered":"<div class=\"wpb-content-wrapper\"><p>[vc_row][vc_column width=&#187;1\/3&#8243;]<div class=\"themestek-ihbox themestek-ihbox-style-2 themestek-ihbox-itype-icon \">\r\n\t<div class=\"themestek-sbox-bgimage-layer themestek-bgimage-layer\"><\/div>\r\n\t<div class=\"themestek-ihbox-wrapper-bg-layer themestek-bg-layer\"><\/div>\r\n\t<div class=\"themestek-ihbox-inner\">\r\n\t\t<div class=\"themestek-ihbox-icon\">\r\n\t\t\t<div class=\"themestek-ihbox-icon-wrapper\"><i class=\"themestek-liviza-business-icon themestek-liviza-business-icon-placeholder\"><\/i><\/div>\t\t<\/div>\r\n\t\t<div class=\"themestek-ihbox-contents\">\r\n\t\t\t<div class=\"themestek-vc_general themestek-vc_cta3 themestek-cta3-only themestek-vc_cta3-style-classic themestek-vc_cta3-shape-rounded themestek-vc_cta3-align-left themestek-vc_cta3-color-transparent themestek-vc_cta3-icon-size-md themestek-vc_cta3-actions-no themestek-cta3-without-desc\"><div class=\"themestek-vc_cta3_content-container\"><div class=\"themestek-vc_cta3-content\"><div class=\"themestek-vc_cta3-content-header themestek-wrap\"><div class=\"themestek-vc_cta3-headers themestek-wrap-cell\"><h2 class=\"themestek-custom-heading \">\u0410\u0434\u0440\u0435\u0441<\/h2>\n<\/div><\/div><\/div><\/div><\/div>\t\t\t<div class=\"themestek-cta3-content-wrapper\">\u0130kitelli OSB. Dersankoop Sanayi Sitesi<br \/>\nS1B Blok No:115 Ba\u015fak\u015fehir &#8212; \u0130stanbul<\/div>\t\t\t\t\t<\/div><!-- .themestek-ihbox-contents -->\r\n\t<\/div>\r\n<\/div>\r\n[\/vc_column][vc_column width=&#187;1\/3&#8243;]<div class=\"themestek-ihbox themestek-ihbox-style-2 themestek-ihbox-itype-icon vc_custom_1674446428164 \">\r\n\t<div class=\"themestek-sbox-bgimage-layer themestek-bgimage-layer\"><\/div>\r\n\t<div class=\"themestek-ihbox-wrapper-bg-layer themestek-bg-layer\"><\/div>\r\n\t<div class=\"themestek-ihbox-inner\">\r\n\t\t<div class=\"themestek-ihbox-icon\">\r\n\t\t\t<div class=\"themestek-ihbox-icon-wrapper\"><i class=\"themestek-liviza-business-icon themestek-liviza-business-icon-call\"><\/i><\/div>\t\t<\/div>\r\n\t\t<div class=\"themestek-ihbox-contents\">\r\n\t\t\t<div class=\"themestek-vc_general themestek-vc_cta3 themestek-cta3-only themestek-vc_cta3-style-classic themestek-vc_cta3-shape-rounded themestek-vc_cta3-align-left themestek-vc_cta3-color-transparent themestek-vc_cta3-icon-size-md themestek-vc_cta3-actions-no themestek-cta3-without-desc\"><div class=\"themestek-vc_cta3_content-container\"><div class=\"themestek-vc_cta3-content\"><div class=\"themestek-vc_cta3-content-header themestek-wrap\"><div class=\"themestek-vc_cta3-headers themestek-wrap-cell\"><h2 class=\"themestek-custom-heading \">\u0422\u0435\u043b\u0435\u0444\u043e\u043d<\/h2>\n<\/div><\/div><\/div><\/div><\/div>\t\t\t<div class=\"themestek-cta3-content-wrapper\">+90 533 706 14 28<\/div>\t\t\t\t\t<\/div><!-- .themestek-ihbox-contents -->\r\n\t<\/div>\r\n<\/div>\r\n[\/vc_column][vc_column width=&#187;1\/3&#8243;]<div class=\"themestek-ihbox themestek-ihbox-style-2 themestek-ihbox-itype-icon vc_custom_1674446565890 \">\r\n\t<div class=\"themestek-sbox-bgimage-layer themestek-bgimage-layer\"><\/div>\r\n\t<div class=\"themestek-ihbox-wrapper-bg-layer themestek-bg-layer\"><\/div>\r\n\t<div class=\"themestek-ihbox-inner\">\r\n\t\t<div class=\"themestek-ihbox-icon\">\r\n\t\t\t<div class=\"themestek-ihbox-icon-wrapper\"><i class=\"themestek-liviza-business-icon themestek-liviza-business-icon-envelope\"><\/i><\/div>\t\t<\/div>\r\n\t\t<div class=\"themestek-ihbox-contents\">\r\n\t\t\t<div class=\"themestek-vc_general themestek-vc_cta3 themestek-cta3-only themestek-vc_cta3-style-classic themestek-vc_cta3-shape-rounded themestek-vc_cta3-align-left themestek-vc_cta3-color-transparent themestek-vc_cta3-icon-size-md themestek-vc_cta3-actions-no themestek-cta3-without-desc\"><div class=\"themestek-vc_cta3_content-container\"><div class=\"themestek-vc_cta3-content\"><div class=\"themestek-vc_cta3-content-header themestek-wrap\"><div class=\"themestek-vc_cta3-headers themestek-wrap-cell\"><h2 class=\"themestek-custom-heading \">Email<\/h2>\n<\/div><\/div><\/div><\/div><\/div>\t\t\t<div class=\"themestek-cta3-content-wrapper\">info@orangered-fish-492157.hostingersite.com<\/div>\t\t\t\t\t<\/div><!-- .themestek-ihbox-contents -->\r\n\t<\/div>\r\n<\/div>\r\n[\/vc_column][\/vc_row][vc_row css=&#187;.vc_custom_1576473295771{padding-top: 0px !important;padding-bottom: 90px !important;}&#187;][vc_column][vc_row_inner equal_height=&#187;yes&#187; gap=&#187;0px&#187; css=&#187;.vc_custom_1576472909816{margin-right: 0px !important;margin-left: 0px !important;padding-top: 0px !important;padding-bottom: 0px !important;}&#187; el_class=&#187;ts-border-radius-2 ts-image-shadow-2&#8243;][vc_column_inner width=&#187;1\/2&#8243; css=&#187;.vc_custom_1576471537997{padding-left: 0px !important;}&#187;][vc_raw_html css=&#187;.vc_custom_1672199474028{margin-bottom: 0px !important;}&#187;]JTNDZGl2JTIwc3R5bGUlM0QlMjJoZWlnaHQlM0E1OTBweCUzQiUyMiUzRSUwQSUzQ2lmcmFtZSUyMHNyYyUzRCUyMmh0dHBzJTNBJTJGJTJGd3d3Lmdvb2dsZS5jb20lMkZtYXBzJTJGZW1iZWQlM0ZwYiUzRCUyMTFtMTglMjExbTEyJTIxMW0zJTIxMWQzMDA3LjMyMTY4MDM1NDI2MTQlMjEyZDI4Ljc4NzYyNTcxNTY4NjY5OCUyMTNkNDEuMDgzODE3Njc5MjkzMTc2JTIxMm0zJTIxMWYwJTIxMmYwJTIxM2YwJTIxM20yJTIxMWkxMDI0JTIxMmk3NjglMjE0ZjEzLjElMjEzbTMlMjExbTIlMjExczB4MTRjYWFmZjllZmU2ZmU1MyUyNTNBMHg3OTVjOTY1NzdkY2ZjMGIzJTIxMnNDRU1NQUtTJTI1MjBNT0IlMjVDNCUyNUIwWUxZQSUyNTIwQUtTRVNVQVIlMjUyMCUyOFBsYXN0aWslMjUyME1vYmlseWElMjUyMEF5YWtsYXIlMjVDNCUyNUIxJTI5JTIxNWUwJTIxM20yJTIxMXN0ciUyMTJzdHIlMjE0djE2NzIxOTk0MTM4NjAlMjE1bTIlMjExc3RyJTIxMnN0ciUyMiUyMHdpZHRoJTNEJTIyNjAwJTIyJTIwaGVpZ2h0JTNEJTIyNjUwJTIyJTIwc3R5bGUlM0QlMjJib3JkZXIlM0EwJTNCJTIyJTIwYWxsb3dmdWxsc2NyZWVuJTNEJTIyJTIyJTIwbG9hZGluZyUzRCUyMmxhenklMjIlMjByZWZlcnJlcnBvbGljeSUzRCUyMm5vLXJlZmVycmVyLXdoZW4tZG93bmdyYWRlJTIyJTNFJTNDJTJGaWZyYW1lJTNFJTNDJTJGZGl2JTNF[\/vc_raw_html][\/vc_column_inner][vc_column_inner width=&#187;1\/2&#8243; css=&#187;.vc_custom_1576473344088{padding-top: 50px !important;padding-right: 40px !important;padding-bottom: 0px !important;padding-left: 20px !important;}&#187;]<div class=\"themestek-element-heading-wrapper themestek-heading-inner themestek-element-align-left themestek-seperator-none \"><section class=\"themestek-vc_cta3-container\"><div class=\"themestek-vc_general themestek-vc_cta3 themestek-cta3-only themestek-vc_cta3-style-classic themestek-vc_cta3-shape-rounded themestek-vc_cta3-align-left themestek-vc_cta3-color-transparent themestek-vc_cta3-icon-size-md themestek-vc_cta3-actions-no themestek-cta3-without-desc\"><div class=\"themestek-vc_cta3_content-container\"><div class=\"themestek-vc_cta3-content\"><div class=\"themestek-vc_cta3-content-header themestek-wrap\"><div class=\"themestek-vc_cta3-headers themestek-wrap-cell\"><h2 class=\"themestek-custom-heading \" >\u0424\u043e\u0440\u043c\u0430 \u043e\u0431\u0440\u0430\u0442\u043d\u043e\u0439 \u0441\u0432\u044f\u0437\u0438<\/h2>\n<\/div><\/div><\/div><\/div><\/div><\/section><\/div> <!-- .themestek-element-heading-wrapper container --> [vc_column_text]<div id=\"quform-e08411\" class=\"quform quform-5 quform-support-page-caching\"><form id=\"quform-form-e08411\" class=\"quform-form quform-form-5\" action=\"\/ru\/wp-json\/wp\/v2\/pages\/14603#quform-e08411\" method=\"post\" enctype=\"multipart\/form-data\" novalidate=\"novalidate\" data-options=\"{&quot;id&quot;:5,&quot;uniqueId&quot;:&quot;e08411&quot;,&quot;theme&quot;:&quot;&quot;,&quot;ajax&quot;:true,&quot;logic&quot;:{&quot;logic&quot;:[],&quot;dependents&quot;:[],&quot;elementIds&quot;:[],&quot;dependentElementIds&quot;:[],&quot;animate&quot;:true},&quot;currentPageId&quot;:1,&quot;errorsIcon&quot;:&quot;&quot;,&quot;updateFancybox&quot;:true,&quot;hasPages&quot;:false,&quot;pages&quot;:[1],&quot;pageProgressType&quot;:&quot;numbers&quot;,&quot;tooltipsEnabled&quot;:true,&quot;tooltipClasses&quot;:&quot;qtip-quform-dark qtip-shadow&quot;,&quot;tooltipMy&quot;:&quot;left center&quot;,&quot;tooltipAt&quot;:&quot;right center&quot;,&quot;isRtl&quot;:false,&quot;scrollOffset&quot;:-50,&quot;scrollSpeed&quot;:800}\"><button class=\"quform-default-submit\" name=\"quform_submit\" type=\"submit\" value=\"submit\" aria-hidden=\"true\" tabindex=\"-1\"><\/button><div class=\"quform-form-inner quform-form-inner-5\"><input type=\"hidden\" name=\"quform_form_id\" value=\"5\" \/><input type=\"hidden\" name=\"quform_form_uid\" value=\"e08411\" \/><input type=\"hidden\" name=\"quform_count\" value=\"1\" \/><input type=\"hidden\" name=\"form_url\" value=\"https:\/\/cemmaks.com\/ru\/wp-json\/wp\/v2\/pages\/14603\" \/><input type=\"hidden\" name=\"referring_url\" value=\"\" \/><input type=\"hidden\" name=\"post_id\" value=\"\" \/><input type=\"hidden\" name=\"post_title\" value=\"\" \/><input type=\"hidden\" name=\"quform_current_page_id\" value=\"1\" \/><input type=\"hidden\" name=\"quform_csrf_token\" value=\"COMCFzZ6It52nejTeZAgxVN7wJECmfvAY2by4qrj\" \/><div class=\"quform-elements quform-elements-5 quform-cf quform-responsive-elements-phone-landscape\"><div class=\"quform-element quform-element-page quform-page-1 quform-page-5_1 quform-cf quform-group-style-plain quform-first-page quform-last-page quform-current-page\"><div class=\"quform-child-elements\"><div class=\"quform-element quform-element-text quform-element-5_6 quform-cf quform-labels-inside quform-element-required\"><div class=\"quform-spacer\"><div class=\"quform-label quform-label-5_6\"><label class=\"quform-label-text\" for=\"quform_5_6_e08411\">\u0418\u043c\u044f \u0444\u0430\u043c\u0438\u043b\u0438\u044f<span class=\"quform-required\">*<\/span><\/label><\/div><div class=\"quform-inner quform-inner-text quform-inner-5_6\"><div class=\"quform-input quform-input-text quform-input-5_6 quform-cf\"><input type=\"text\" id=\"quform_5_6_e08411\" name=\"quform_5_6\" class=\"quform-field quform-field-text quform-field-5_6\" \/><\/div><\/div><\/div><\/div><div class=\"quform-element quform-element-text quform-element-5_12 quform-cf quform-labels-inside quform-element-optional\"><div class=\"quform-spacer\"><div class=\"quform-label quform-label-5_12\"><label class=\"quform-label-text\" for=\"quform_5_12_e08411\">\u041a\u043e\u043c\u043f\u0430\u043d\u0438\u044f<\/label><\/div><div class=\"quform-inner quform-inner-text quform-inner-5_12\"><div class=\"quform-input quform-input-text quform-input-5_12 quform-cf\"><input type=\"text\" id=\"quform_5_12_e08411\" name=\"quform_5_12\" class=\"quform-field quform-field-text quform-field-5_12\" \/><\/div><\/div><\/div><\/div><div class=\"quform-element quform-element-text quform-element-5_8 quform-cf quform-labels-inside quform-element-required\"><div class=\"quform-spacer\"><div class=\"quform-label quform-label-5_8\"><label class=\"quform-label-text\" for=\"quform_5_8_e08411\">\u0422\u0435\u043b\u0435\u0444\u043e\u043d<span class=\"quform-required\">*<\/span><\/label><\/div><div class=\"quform-inner quform-inner-text quform-inner-5_8\"><div class=\"quform-input quform-input-text quform-input-5_8 quform-cf\"><input type=\"text\" id=\"quform_5_8_e08411\" name=\"quform_5_8\" class=\"quform-field quform-field-text quform-field-5_8\" \/><\/div><\/div><\/div><\/div><div class=\"quform-element quform-element-email quform-element-5_9 quform-cf quform-labels-inside quform-element-required\"><div class=\"quform-spacer\"><div class=\"quform-label quform-label-5_9\"><label class=\"quform-label-text\" for=\"quform_5_9_e08411\">\u0410\u0434\u0440\u0435\u0441 \u044d\u043b\u0435\u043a\u0442\u0440\u043e\u043d\u043d\u043e\u0439 \u043f\u043e\u0447\u0442\u044b<span class=\"quform-required\">*<\/span><\/label><\/div><div class=\"quform-inner quform-inner-email quform-inner-5_9\"><div class=\"quform-input quform-input-email quform-input-5_9 quform-cf\"><input type=\"email\" id=\"quform_5_9_e08411\" name=\"quform_5_9\" class=\"quform-field quform-field-email quform-field-5_9\" \/><\/div><\/div><\/div><\/div><div class=\"quform-element quform-element-textarea quform-element-5_11 quform-cf quform-labels-inside quform-element-required\"><div class=\"quform-spacer\"><div class=\"quform-label quform-label-5_11\"><label class=\"quform-label-text\" for=\"quform_5_11_e08411\">\u0412\u0430\u0448\u0435 \u0441\u043e\u043e\u0431\u0449\u0435\u043d\u0438\u0435 \u0438\u043b\u0438 \u0437\u0430\u043f\u0440\u043e\u0441<span class=\"quform-required\">*<\/span><\/label><\/div><div class=\"quform-inner quform-inner-textarea quform-inner-5_11\"><div class=\"quform-input quform-input-textarea quform-input-5_11 quform-cf\"><textarea id=\"quform_5_11_e08411\" name=\"quform_5_11\" class=\"quform-field quform-field-textarea quform-field-5_11\"><\/textarea><\/div><\/div><\/div><\/div><div class=\"quform-element quform-element-captcha quform-element-5_10 quform-cf quform-labels-inside quform-element-required\"><div class=\"quform-spacer\"><div class=\"quform-label quform-label-5_10\"><label class=\"quform-label-text\" for=\"quform_5_10_e08411\">\u041f\u043e\u0436\u0430\u043b\u0443\u0439\u0441\u0442\u0430, \u0432\u0432\u0435\u0434\u0438\u0442\u0435 \u0441\u043b\u0435\u0434\u0443\u044e\u0449\u0438\u0435 \u0441\u0438\u043c\u0432\u043e\u043b\u044b<span class=\"quform-required\">*<\/span><\/label><\/div><div class=\"quform-inner quform-inner-captcha quform-inner-5_10\"><div class=\"quform-input quform-input-captcha quform-input-5_10 quform-cf\"><input type=\"text\" id=\"quform_5_10_e08411\" name=\"quform_5_10\" class=\"quform-field quform-field-captcha quform-field-5_10\" \/><\/div><div class=\"quform-captcha quform-cf\"><div class=\"quform-captcha-image quform-captcha-image-5_10\"><img loading=\"lazy\" decoding=\"async\" src=\"data:image\/png;base64,iVBORw0KGgoAAAANSUhEUgAAAOYAAABQBAMAAAD\/1xTgAAAAG1BMVEX\/\/\/8iIiLj4+PHx8esrKx0dHQ9PT1ZWVmQkJAchyfrAAAACXBIWXMAAA7EAAAOxAGVKw4bAAAD40lEQVRoge1YS1PbMBB2ZBv7WEFwOCq8yrGBlnKMeTXHemAoR0ybCUfc0g5HzGPKz65WK9uyRO3QBk+n4++AY1nSp939diVhWS1atGjRokWLFv89Vt40zbhxQrsNUx5SSoNmKW0KaJbTEZwNBzSZRJQOm+W0rDlKP\/LH8hZrjtOl9MyyT7iUhtUdCbP3+GNt8veh4CF95cQQ1oBVdgx7MR0zK6LnzydZfRyqr4TShUhIqWYy0am3G9KlKUj8Y\/WN21Q2CPkCmLCGcyzcUdMNkdJFJQQDPupG\/ZzAPEeWX5c0KWUYg8V6SgJWHBUUQSSEqsyFXg1puV1HyOvVa+Ccola6wiEXTL7ShUE5IUOpHg8EXMMpamVlL0QfA9ZDovc0eLzSvy\/Ak9fB+ap5uG\/5341yBJaf7sv1dkAxZpa1beZEhyeL+FHjtVSQhbhACZtO7pjZlUDQHSGUSyEUeKrIfZpUZ0EKIXHKlXIOTFh+ON0td\/WFy8gH\/nWJr\/JiKy2tVBYiQFSdBX3wT1pelwcmgJi\/lbrKegqBWCTgV18Tu5P5NqzeScmm6FvSNkmoxI3aHGZB5wXEgYgRzRxbaggyl1WRWqA33RVrkrNkR5x1C2nXhdl1zlw7nfpdLdHigpl4NYpLQ3MrOOe8C9HwdakkcpGe5iETRNefCF1XiOasaCsyPeL7B\/g51dMwknF0zRk1+KYnOhhhqjoAyisd7wpzLsHRiTEulCcip7bEeGbEpQhilVNuU1\/g1w3WpM\/mMKEykgn4t+iYyk5BHVD7FefFUlddyx3jCi7MmaTlMe0eXFdxmrLl3utiaThT2yS+Ckt695v2z5iWKq4nk47EdYfAvrmPxWCgVx633btn1mqEVRby852YWc1sH18P0CXDZ3ESYSAvDUohIgwfidAk7\/Ejc3UBrp3znTtHnhfYszgdqXVllB1Li1ykgXj2bnnxUOOChX8EfyanlUeFjsHpmzk9yItSIiTn82SBWWNFfyMM+R4NrutOka6x23mmAJL8BiQTYoDLSgJ1FPr07RTn1n2mNXSMjBVHofwjsCU9bC98hMeI79oOOC36RsY6xckQE4JgrV1XMpjn1uReX\/6UGPHT7hOqyqoObqO2WAIvG8O8Dxn9oYlSfHqEi02lqMVDyNBpjuL1mBNCOGbl1jh3YojZnoqjRDCbGycmmW5AmCdijAITKq27gU2NHZFmmoq87OLjZ2Liho5neK9e\/WTcJaBs30oqGeytzdkxAuyHW61lndt+zMihcap9SeR7Wc2NdpZwsk1bPx28JHx5UWUNcor\/T2S3suawsr\/XMGOLFi1atGjxz+AXdgqT4Wk7J5YAAAAASUVORK5CYII=\" alt=\"CAPTCHA image\" data-element-id=\"10\" width=\"115\" height=\"40\" \/><\/div><\/div><\/div><\/div><\/div><div class=\"quform-element quform-element-submit quform-element-5_2 quform-cf quform-button-style-theme quform-button-width-full\"><div class=\"quform-button-submit quform-button-submit-default quform-button-submit-5_2\"><button name=\"quform_submit\" type=\"submit\" class=\"quform-submit\" value=\"submit\"><span class=\"quform-button-text quform-button-submit-text\">\u041e\u0422\u041f\u0420\u0410\u0412\u0418\u0422\u042c<\/span><\/button><\/div><div class=\"quform-loading quform-loading-position-left quform-loading-type-spinner-1\"><div class=\"quform-loading-inner\"><div class=\"quform-loading-spinner\"><div class=\"quform-loading-spinner-inner\"><\/div><\/div><\/div><\/div><\/div><div class=\"quform-element-tree\"><label for=\"quform_5_0_e08411\">This field should be left blank<\/label><input type=\"text\" id=\"quform_5_0_e08411\" name=\"quform_5_0\" class=\"quform-field quform-field-tree quform-field-5_0\" tabindex=\"-1\" autocomplete=\"off\" \/><\/div><\/div><\/div><\/div><\/div><\/form><\/div>[\/vc_column_text][\/vc_column_inner][\/vc_row_inner][\/vc_column][\/vc_row]<\/p>\n<\/div>","protected":false},"excerpt":{"rendered":"<p>[vc_row][vc_column width=&#187;1\/3&#8243;][\/vc_column][vc_column width=&#187;1\/3&#8243;][\/vc_column][vc_column width=&#187;1\/3&#8243;][\/vc_column][\/vc_row][vc_row css=&#187;.vc_custom_1576473295771{padding-top: 0px !important;padding-bottom: 90px !important;}&#187;][vc_column][vc_row_inner equal_height=&#187;yes&#187; gap=&#187;0px&#187; css=&#187;.vc_custom_1576472909816{margin-right: 0px !important;margin-left: 0px !important;padding-top: 0px !important;padding-bottom: 0px !important;}&#187; el_class=&#187;ts-border-radius-2 ts-image-shadow-2&#8243;][vc_column_inner width=&#187;1\/2&#8243; css=&#187;.vc_custom_1576471537997{padding-left: 0px !important;}&#187;][vc_raw_html css=&#187;.vc_custom_1672199474028{margin-bottom: 0px !important;}&#187;]JTNDZGl2JTIwc3R5bGUlM0QlMjJoZWlnaHQlM0E1OTBweCUzQiUyMiUzRSUwQSUzQ2lmcmFtZSUyMHNyYyUzRCUyMmh0dHBzJTNBJTJGJTJGd3d3Lmdvb2dsZS5jb20lMkZtYXBzJTJGZW1iZWQlM0ZwYiUzRCUyMTFtMTglMjExbTEyJTIxMW0zJTIxMWQzMDA3LjMyMTY4MDM1NDI2MTQlMjEyZDI4Ljc4NzYyNTcxNTY4NjY5OCUyMTNkNDEuMDgzODE3Njc5MjkzMTc2JTIxMm0zJTIxMWYwJTIxMmYwJTIxM2YwJTIxM20yJTIxMWkxMDI0JTIxMmk3NjglMjE0ZjEzLjElMjEzbTMlMjExbTIlMjExczB4MTRjYWFmZjllZmU2ZmU1MyUyNTNBMHg3OTVjOTY1NzdkY2ZjMGIzJTIxMnNDRU1NQUtTJTI1MjBNT0IlMjVDNCUyNUIwWUxZQSUyNTIwQUtTRVNVQVIlMjUyMCUyOFBsYXN0aWslMjUyME1vYmlseWElMjUyMEF5YWtsYXIlMjVDNCUyNUIxJTI5JTIxNWUwJTIxM20yJTIxMXN0ciUyMTJzdHIlMjE0djE2NzIxOTk0MTM4NjAlMjE1bTIlMjExc3RyJTIxMnN0ciUyMiUyMHdpZHRoJTNEJTIyNjAwJTIyJTIwaGVpZ2h0JTNEJTIyNjUwJTIyJTIwc3R5bGUlM0QlMjJib3JkZXIlM0EwJTNCJTIyJTIwYWxsb3dmdWxsc2NyZWVuJTNEJTIyJTIyJTIwbG9hZGluZyUzRCUyMmxhenklMjIlMjByZWZlcnJlcnBvbGljeSUzRCUyMm5vLXJlZmVycmVyLXdoZW4tZG93bmdyYWRlJTIyJTNFJTNDJTJGaWZyYW1lJTNFJTNDJTJGZGl2JTNF[\/vc_raw_html][\/vc_column_inner][vc_column_inner width=&#187;1\/2&#8243; css=&#187;.vc_custom_1576473344088{padding-top: 50px !important;padding-right: 40px !important;padding-bottom: 0px !important;padding-left: 20px !important;}&#187;][vc_column_text][\/vc_column_text][\/vc_column_inner][\/vc_row_inner][\/vc_column][\/vc_row]<\/p>\n","protected":false},"author":1,"featured_media":0,"parent":0,"menu_order":10,"comment_status":"closed","ping_status":"closed","template":"","meta":{"footnotes":""},"class_list":["post-14603","page","type-page","status-publish","hentry"],"_links":{"self":[{"href":"https:\/\/cemmaks.com\/ru\/wp-json\/wp\/v2\/pages\/14603","targetHints":{"allow":["GET"]}}],"collection":[{"href":"https:\/\/cemmaks.com\/ru\/wp-json\/wp\/v2\/pages"}],"about":[{"href":"https:\/\/cemmaks.com\/ru\/wp-json\/wp\/v2\/types\/page"}],"author":[{"embeddable":true,"href":"https:\/\/cemmaks.com\/ru\/wp-json\/wp\/v2\/users\/1"}],"replies":[{"embeddable":true,"href":"https:\/\/cemmaks.com\/ru\/wp-json\/wp\/v2\/comments?post=14603"}],"version-history":[{"count":3,"href":"https:\/\/cemmaks.com\/ru\/wp-json\/wp\/v2\/pages\/14603\/revisions"}],"predecessor-version":[{"id":14657,"href":"https:\/\/cemmaks.com\/ru\/wp-json\/wp\/v2\/pages\/14603\/revisions\/14657"}],"wp:attachment":[{"href":"https:\/\/cemmaks.com\/ru\/wp-json\/wp\/v2\/media?parent=14603"}],"curies":[{"name":"wp","href":"https:\/\/api.w.org\/{rel}","templated":true}]}}